{"id":46,"date":"2022-11-24T22:15:42","date_gmt":"2022-11-24T22:15:42","guid":{"rendered":"https:\/\/www.nysida.ferradalen.se\/?page_id=46"},"modified":"2024-05-21T16:24:16","modified_gmt":"2024-05-21T16:24:16","slug":"bilder-och-filmer","status":"publish","type":"page","link":"https:\/\/www.ferradalen.se\/?page_id=46","title":{"rendered":"BILDER OCH FILMER"},"content":{"rendered":"\t\t<div data-elementor-type=\"wp-page\" data-elementor-id=\"46\" class=\"elementor elementor-46\">\n\t\t\t\t\t\t<section class=\"elementor-section elementor-top-section elementor-element elementor-element-727bbd9b elementor-section-full_width elementor-section-height-min-height elementor-section-items-stretch elementor-section-content-middle elementor-section-height-default\" data-id=\"727bbd9b\" data-element_type=\"section\">\n\t\t\t\t\t\t<div class=\"elementor-container elementor-column-gap-no\">\n\t\t\t\t\t<div class=\"elementor-column elementor-col-100 elementor-top-column elementor-element elementor-element-53fd6af5\" data-id=\"53fd6af5\" data-element_type=\"column\">\n\t\t\t<div class=\"elementor-widget-wrap elementor-element-populated\">\n\t\t\t\t\t\t<div class=\"elementor-element elementor-element-20730180 elementor-widget__width-initial elementor-widget-tablet__width-initial elementor-absolute elementor-widget-mobile__width-inherit elementor-hidden-phone elementor-widget elementor-widget-spacer\" data-id=\"20730180\" data-element_type=\"widget\" data-settings=\"{&quot;_position&quot;:&quot;absolute&quot;}\" data-widget_type=\"spacer.default\">\n\t\t\t\t<div class=\"elementor-widget-container\">\n\t\t\t\t\t\t\t<div class=\"elementor-spacer\">\n\t\t\t<div class=\"elementor-spacer-inner\"><\/div>\n\t\t<\/div>\n\t\t\t\t\t\t<\/div>\n\t\t\t\t<\/div>\n\t\t\t\t<div class=\"elementor-element elementor-element-4d6048ed elementor-absolute elementor-widget__width-auto elementor-view-default elementor-widget elementor-widget-icon\" data-id=\"4d6048ed\" data-element_type=\"widget\" data-settings=\"{&quot;_position&quot;:&quot;absolute&quot;}\" data-widget_type=\"icon.default\">\n\t\t\t\t<div class=\"elementor-widget-container\">\n\t\t\t\t\t\t\t<div class=\"elementor-icon-wrapper\">\n\t\t\t<div class=\"elementor-icon\">\n\t\t\t<svg xmlns=\"http:\/\/www.w3.org\/2000\/svg\" id=\"a86e3ea2-a3e2-4385-90a7-401739e9088f\" data-name=\"Layer 1\" width=\"721\" height=\"721\" viewBox=\"0 0 721 721\"><path d=\"M721,455.4456c-19.5658-79.6426-43.2189-158.4869-66.4242-236.8847q-21.1768-71.537-43.3451-142.779c-4.2959-13.8216-8.6657-27.6165-12.975-41.4348C591.5968,12.99,579.25,4.7455,556.1711.3637,524.84-5.588,528.09,63.1988,527.5623,82.46a1221.5921,1221.5921,0,0,0,7.3111,170.7905q4.8152,42.4992,12.5917,84.6c4.2219,22.84,16.5212,62.0919,17.4692,65.7608,13.2539,51.33-76.438-71.0029-110.1528-111.1824-34.4307-41.0331-69.9169-81.5373-112.5562-114.4026-60.5184-46.65-129.9681-79.9974-205.791-92.5437-12.8707-2.129-26.0675-3.6755-38.9181-1.45-3.98.6863-8.42,2.1625-9.98,5.8715-1.96,4.6563,1.7513,9.6072,5.2034,13.3028,39.772,42.6231,79.7322,85.1324,118.3512,128.6627,27.0894,30.5287,53.93,61.3254,82.6062,90.408,25.3919,25.752,54.9251,45.2777,80.9961,69.8915,17.64,16.65,31.0256,41.7562,23.2171,64.68-1.4858,4.3583-3.8522,8.643-7.7312,11.15-4.0371,2.611-9.1228,2.9357-13.9364,2.8018-53.9335-1.5063-109.0065-45.4183-151.602-75.0265-54.9688-38.2112-117.4067-87.1308-185.5723-97.3373-9.59-1.436-19.738-1.8913-28.6357,1.9516C5.8914,302.351,1.572,305.762.3653,310.5455c-.7194,2.8487-.2521,5.8581.3361,8.7368,9.0455,44.0626,43.4258,72.3453,75.85,100.5207,34.1047,29.6384,70.0851,57.034,105.0569,85.6346,42.29,34.5792,83.1,70.8991,124.13,106.9579C327.8632,631.8387,351.3669,652.8,376.1616,673H721ZM517.7773,622.2036c-30.6626-22.5251-41.1737-45.06-70.7337-69.0045-13.0556-10.5779-26.1617-21.7451-34.5215-36.2965-1.59-2.7683-4.3126-6.3266-2.5983-9.0213.8672-1.3658,3.9294-4.1509,5.432-3.5416,47.7889,19.4587,88.1491,65.49,115.5175,112.4309l1.18-.9172c2.0672,9.7545,1.5058,1.5532,3.5731,11.3111C529.801,630.0834,523.0245,626.06,517.7773,622.2036Zm28.1449-155.1177a104.7333,104.7333,0,0,1-68.3606-36.5576c-8.1748-9.798-14.4439-21.0019-21.1633-31.841a422.538,422.538,0,0,0-42.8779-57.59c32.3534,2.1859,61.732,21.0254,83.3625,45.0869,21.6339,24.0548,36.6392,53.1609,51.4024,81.9122ZM693.931,653.114c-10.3161-5.6338-14.286-18.1567-17.133-29.5246A955.6291,955.6291,0,0,1,655.3422,508.37a8.8885,8.8885,0,0,1,.2824-4.7266c1.3748-3.0529,5.8622-3.5149,8.7228-1.7608,2.8605,1.7575,4.4605,4.9409,5.8858,7.97A546.1345,546.1345,0,0,1,706.63,612.77l.4336,5.5434q.0656,12.8994.1278,25.7888c.0167,3.2169-.1345,6.8388-2.5077,9.0247C701.8705,655.7149,697.2924,654.9483,693.931,653.114Z\" transform=\"translate(0 48)\" style=\"fill-rule:evenodd\"><\/path><rect width=\"721\" height=\"721\" style=\"fill:none\"><\/rect><\/svg>\t\t\t<\/div>\n\t\t<\/div>\n\t\t\t\t\t\t<\/div>\n\t\t\t\t<\/div>\n\t\t\t\t<section class=\"elementor-section elementor-inner-section elementor-element elementor-element-757078b5 elementor-section-content-middle elementor-section-height-min-height elementor-section-boxed elementor-section-height-default\" data-id=\"757078b5\" data-element_type=\"section\">\n\t\t\t\t\t\t<div class=\"elementor-container elementor-column-gap-no\">\n\t\t\t\t\t<div class=\"elementor-column elementor-col-50 elementor-inner-column elementor-element elementor-element-6c0bdd35\" data-id=\"6c0bdd35\" data-element_type=\"column\">\n\t\t\t<div class=\"elementor-widget-wrap elementor-element-populated\">\n\t\t\t\t\t\t<div class=\"elementor-element elementor-element-52910ff animated-fast elementor-invisible elementor-widget elementor-widget-heading\" data-id=\"52910ff\" data-element_type=\"widget\" data-settings=\"{&quot;_animation&quot;:&quot;fadeIn&quot;,&quot;_animation_mobile&quot;:&quot;none&quot;}\" data-widget_type=\"heading.default\">\n\t\t\t\t<div class=\"elementor-widget-container\">\n\t\t\t\t\t<h1 class=\"elementor-heading-title elementor-size-default\">Bilder och filmer<\/h1>\t\t\t\t<\/div>\n\t\t\t\t<\/div>\n\t\t\t\t<div class=\"elementor-element elementor-element-12b89d0a elementor-invisible elementor-widget elementor-widget-heading\" data-id=\"12b89d0a\" data-element_type=\"widget\" data-settings=\"{&quot;_animation&quot;:&quot;fadeIn&quot;,&quot;_animation_mobile&quot;:&quot;none&quot;,&quot;_animation_delay&quot;:&quot;200&quot;}\" data-widget_type=\"heading.default\">\n\t\t\t\t<div class=\"elementor-widget-container\">\n\t\t\t\t\t<h4 class=\"elementor-heading-title elementor-size-default\">Blandade godbitar fr\u00e5n utst\u00e4llning och vardag<\/h4>\t\t\t\t<\/div>\n\t\t\t\t<\/div>\n\t\t\t\t<div class=\"elementor-element elementor-element-365283e elementor-mobile-align-center animated-slow elementor-invisible elementor-widget elementor-widget-button\" data-id=\"365283e\" data-element_type=\"widget\" data-settings=\"{&quot;_animation&quot;:&quot;fadeIn&quot;,&quot;_animation_mobile&quot;:&quot;none&quot;,&quot;_animation_delay&quot;:&quot;400&quot;}\" data-widget_type=\"button.default\">\n\t\t\t\t<div class=\"elementor-widget-container\">\n\t\t\t\t\t\t\t\t\t<div class=\"elementor-button-wrapper\">\n\t\t\t\t\t<a class=\"elementor-button elementor-button-link elementor-size-sm\" href=\"#gallery\">\n\t\t\t\t\t\t<span class=\"elementor-button-content-wrapper\">\n\t\t\t\t\t\t\t\t\t<span class=\"elementor-button-text\">Bildgalleri<\/span>\n\t\t\t\t\t<\/span>\n\t\t\t\t\t<\/a>\n\t\t\t\t<\/div>\n\t\t\t\t\t\t\t\t<\/div>\n\t\t\t\t<\/div>\n\t\t\t\t\t<\/div>\n\t\t<\/div>\n\t\t\t\t<div class=\"elementor-column elementor-col-50 elementor-inner-column elementor-element elementor-element-a9ecbe\" data-id=\"a9ecbe\" data-element_type=\"column\" data-settings=\"{&quot;background_background&quot;:&quot;classic&quot;}\">\n\t\t\t<div class=\"elementor-widget-wrap elementor-element-populated\">\n\t\t\t\t\t\t<div class=\"elementor-element elementor-element-378417a1 elementor-widget elementor-widget-image\" data-id=\"378417a1\" data-element_type=\"widget\" data-widget_type=\"image.default\">\n\t\t\t\t<div class=\"elementor-widget-container\">\n\t\t\t\t\t\t\t\t\t\t\t\t\t\t\t<img decoding=\"async\" src=\"https:\/\/www.ferradalen.se\/wp-content\/uploads\/2022\/12\/Alvsjo-dec-2022-1.mp4\" title=\"\" alt=\"\" loading=\"lazy\" \/>\t\t\t\t\t\t\t\t\t\t\t\t\t\t\t<\/div>\n\t\t\t\t<\/div>\n\t\t\t\t\t<\/div>\n\t\t<\/div>\n\t\t\t\t\t<\/div>\n\t\t<\/section>\n\t\t\t\t\t<\/div>\n\t\t<\/div>\n\t\t\t\t\t<\/div>\n\t\t<\/section>\n\t\t\t\t<section class=\"elementor-section elementor-top-section elementor-element elementor-element-3b2e8b21 elementor-section-boxed elementor-section-height-default elementor-section-height-default\" data-id=\"3b2e8b21\" data-element_type=\"section\" id=\"gallery\" data-settings=\"{&quot;background_background&quot;:&quot;classic&quot;}\">\n\t\t\t\t\t\t<div class=\"elementor-container elementor-column-gap-no\">\n\t\t\t\t\t<div class=\"elementor-column elementor-col-100 elementor-top-column elementor-element elementor-element-af6a499\" data-id=\"af6a499\" data-element_type=\"column\">\n\t\t\t<div class=\"elementor-widget-wrap\">\n\t\t\t\t\t\t\t<\/div>\n\t\t<\/div>\n\t\t\t\t\t<\/div>\n\t\t<\/section>\n\t\t\t\t<\/div>\n\t\t","protected":false},"excerpt":{"rendered":"<p>Bilder och filmer Blandade godbitar fr\u00e5n utst\u00e4llning och vardag Bildgalleri Alla Utst\u00e4llningar K\u00f6ping H\u00f6kudden V\u00e4rmd\u00f6<\/p>\n","protected":false},"author":1,"featured_media":0,"parent":0,"menu_order":0,"comment_status":"closed","ping_status":"closed","template":"elementor_header_footer","meta":{"footnotes":""},"_links":{"self":[{"href":"https:\/\/www.ferradalen.se\/index.php?rest_route=\/wp\/v2\/pages\/46"}],"collection":[{"href":"https:\/\/www.ferradalen.se\/index.php?rest_route=\/wp\/v2\/pages"}],"about":[{"href":"https:\/\/www.ferradalen.se\/index.php?rest_route=\/wp\/v2\/types\/page"}],"author":[{"embeddable":true,"href":"https:\/\/www.ferradalen.se\/index.php?rest_route=\/wp\/v2\/users\/1"}],"replies":[{"embeddable":true,"href":"https:\/\/www.ferradalen.se\/index.php?rest_route=%2Fwp%2Fv2%2Fcomments&post=46"}],"version-history":[{"count":43,"href":"https:\/\/www.ferradalen.se\/index.php?rest_route=\/wp\/v2\/pages\/46\/revisions"}],"predecessor-version":[{"id":886,"href":"https:\/\/www.ferradalen.se\/index.php?rest_route=\/wp\/v2\/pages\/46\/revisions\/886"}],"wp:attachment":[{"href":"https:\/\/www.ferradalen.se\/index.php?rest_route=%2Fwp%2Fv2%2Fmedia&parent=46"}],"curies":[{"name":"wp","href":"https:\/\/api.w.org\/{rel}","templated":true}]}}